{"id":37,"date":"2020-07-02T02:07:37","date_gmt":"2020-07-02T02:07:37","guid":{"rendered":"https:\/\/depositodojoca.com.br\/?page_id=37"},"modified":"2021-11-05T19:52:20","modified_gmt":"2021-11-05T19:52:20","slug":"about","status":"publish","type":"page","link":"https:\/\/depositodojoca.com.br\/?page_id=37","title":{"rendered":"Nossa Hist\u00f3ria"},"content":{"rendered":"\t\t<div data-elementor-type=\"wp-page\" data-elementor-id=\"37\" class=\"elementor elementor-37\">\n\t\t\t\t\t\t<section class=\"elementor-section elementor-top-section elementor-element elementor-element-9b19ce4 elementor-section-boxed elementor-section-height-default elementor-section-height-default\" data-id=\"9b19ce4\" data-element_type=\"section\">\n\t\t\t\t\t\t<div class=\"elementor-container elementor-column-gap-default\">\n\t\t\t\t\t<div class=\"elementor-column elementor-col-100 elementor-top-column elementor-element elementor-element-03e8dab\" data-id=\"03e8dab\" data-element_type=\"column\">\n\t\t\t<div class=\"elementor-widget-wrap elementor-element-populated\">\n\t\t\t\t\t\t<div class=\"elementor-element elementor-element-d63ae89 elementor-widget elementor-widget-text-editor\" data-id=\"d63ae89\" data-element_type=\"widget\" data-widget_type=\"text-editor.default\">\n\t\t\t\t<div class=\"elementor-widget-container\">\n\t\t\t\t\t\t\t<p><!-- \/wp:paragraph --><!-- wp:paragraph --><!-- \/wp:paragraph --><!-- wp:paragraph {\"align\":\"center\",\"fontSize\":\"normal\"} --><\/p>\n<h5><strong><span style=\"vertical-align: inherit;\"><span style=\"vertical-align: inherit;\"><span style=\"vertical-align: inherit;\"><span style=\"vertical-align: inherit;\"><span style=\"vertical-align: inherit;\"><span style=\"vertical-align: inherit;\"><span style=\"vertical-align: inherit;\"><span style=\"vertical-align: inherit;\"><span style=\"vertical-align: inherit;\"><span style=\"vertical-align: inherit;\"><span style=\"vertical-align: inherit;\"><span style=\"vertical-align: inherit;\">N<\/span><\/span><\/span><\/span><\/span><\/span><span style=\"vertical-align: inherit;\"><span style=\"vertical-align: inherit;\"><span style=\"vertical-align: inherit;\"><span style=\"vertical-align: inherit;\">OSSA HIST\u00d3RIA<\/span><\/span><\/span><\/span><\/span><\/span><\/span><\/span><\/span><\/span><\/strong><\/h5>\n<p class=\"has-text-align-center has-normal-font-size\"><span style=\"vertical-align: inherit;\"><span style=\"vertical-align: inherit;\"><span style=\"vertical-align: inherit;\"><span style=\"vertical-align: inherit;\"><span style=\"vertical-align: inherit;\"><span style=\"vertical-align: inherit;\"><span style=\"vertical-align: inherit;\"><span style=\"vertical-align: inherit;\"><span style=\"vertical-align: inherit;\"><span style=\"vertical-align: inherit;\"><span style=\"vertical-align: inherit;\"><span style=\"vertical-align: inherit;\"><span style=\"vertical-align: inherit;\"><span style=\"vertical-align: inherit;\"><span style=\"vertical-align: inherit;\"><span style=\"vertical-align: inherit;\"><span style=\"vertical-align: inherit;\"><span style=\"vertical-align: inherit;\"><span style=\"vertical-align: inherit;\">Nossa empresa foi fundada no ano de 1987 pelo diretor G\u00e9rson Vi\u00e7oso J\u00fanior, boletim localizava-se na Rua Bom pastor, 60, em Santa Luzia, MG. <\/span><\/span><\/span><\/span><\/span><\/span><\/span><\/span><\/span><\/span><\/span><\/span><\/span><\/span><\/span><\/span><\/span><span style=\"vertical-align: inherit;\"><span style=\"vertical-align: inherit;\"><span style=\"vertical-align: inherit;\"><span style=\"vertical-align: inherit;\"><span style=\"vertical-align: inherit;\"><span style=\"vertical-align: inherit;\"><span style=\"vertical-align: inherit;\"><span style=\"vertical-align: inherit;\"><span style=\"vertical-align: inherit;\"><span style=\"vertical-align: inherit;\"><span style=\"vertical-align: inherit;\"><span style=\"vertical-align: inherit;\"><span style=\"vertical-align: inherit;\"><span style=\"vertical-align: inherit;\"><span style=\"vertical-align: inherit;\"><span style=\"vertical-align: inherit;\"><span style=\"vertical-align: inherit;\">Em 1997 buscando melhorar sua estrutura para atender com ainda mais qualidade os clientes a empresa mudou seu endere\u00e7o para Avenida\u00a0<\/span><\/span><\/span><\/span><\/span><\/span><\/span><\/span><\/span><\/span><\/span><\/span><\/span><\/span><\/span><\/span><\/span><span style=\"vertical-align: inherit;\"><span style=\"vertical-align: inherit;\"><span style=\"vertical-align: inherit;\"><span style=\"vertical-align: inherit;\"><span style=\"vertical-align: inherit;\"><span style=\"vertical-align: inherit;\"><span style=\"vertical-align: inherit;\"><span style=\"vertical-align: inherit;\"><span style=\"vertical-align: inherit;\"><span style=\"vertical-align: inherit;\"><span style=\"vertical-align: inherit;\"><span style=\"vertical-align: inherit;\"><span style=\"vertical-align: inherit;\"><span style=\"vertical-align: inherit;\"><span style=\"vertical-align: inherit;\"><span style=\"vertical-align: inherit;\"><span style=\"vertical-align: inherit;\">Senhor do Bonfim, 1011, em Santa Luzia, MG.\u00a0<\/span><\/span><\/span><\/span><\/span><\/span><\/span><\/span><\/span><\/span><\/span><\/span><\/span><\/span><\/span><\/span><\/span><span style=\"vertical-align: inherit;\"><span style=\"vertical-align: inherit;\"><span style=\"vertical-align: inherit;\"><span style=\"vertical-align: inherit;\"><span style=\"vertical-align: inherit;\"><span style=\"vertical-align: inherit;\"><span style=\"vertical-align: inherit;\"><span style=\"vertical-align: inherit;\"><span style=\"vertical-align: inherit;\"><span style=\"vertical-align: inherit;\"><span style=\"vertical-align: inherit;\"><span style=\"vertical-align: inherit;\"><span style=\"vertical-align: inherit;\"><span style=\"vertical-align: inherit;\"><span style=\"vertical-align: inherit;\"><span style=\"vertical-align: inherit;\"><span style=\"vertical-align: inherit;\">Em 1999 o diretor novamente observou a necessidade de expandir e ampliar seu dep\u00f3sito para atender conforme a necessidade de seus clientes em rela\u00e7\u00e3o ao material b\u00e1sico e produ\u00e7\u00e3o de pr\u00e9-moldados. Assim, desde ent\u00e3o, a empresa localiza-se na Avenida Senhor do Bonfim, n\u00famero 1151, em Santa Luzia, no bairro S\u00e3o Benedito, MG, proporcionando atendimento diferenciado ao cliente, colaboradores devidamente capacitados e com conhecimento t\u00e9cnico, produtos de qualidade, entregas com rapidez, seguran\u00e7a e pre\u00e7o justo na compra de seus produtos. <\/span><\/span><\/span><\/span><\/span><\/span><\/span><\/span><\/span><\/span><\/span><\/span><\/span><\/span><\/span><\/span><\/span><span style=\"vertical-align: inherit;\"><span style=\"vertical-align: inherit;\"><span style=\"vertical-align: inherit;\"><span style=\"vertical-align: inherit;\"><span style=\"vertical-align: inherit;\"><span style=\"vertical-align: inherit;\"><span style=\"vertical-align: inherit;\"><span style=\"vertical-align: inherit;\"><span style=\"vertical-align: inherit;\"><span style=\"vertical-align: inherit;\"><span style=\"vertical-align: inherit;\"><span style=\"vertical-align: inherit;\"><span style=\"vertical-align: inherit;\"><span style=\"vertical-align: inherit;\"><span style=\"vertical-align: inherit;\"><span style=\"vertical-align: inherit;\"><span style=\"vertical-align: inherit;\">Contudo, <\/span><\/span><\/span><\/span><\/span><\/span><\/span><\/span><\/span><\/span><\/span><\/span><\/span><\/span><\/span><\/span><\/span><span style=\"vertical-align: inherit;\"><span style=\"vertical-align: inherit;\"><span style=\"vertical-align: inherit;\"><span style=\"vertical-align: inherit;\"><span style=\"vertical-align: inherit;\"><span style=\"vertical-align: inherit;\"><span style=\"vertical-align: inherit;\"><span style=\"vertical-align: inherit;\"><span style=\"vertical-align: inherit;\"><span style=\"vertical-align: inherit;\"><span style=\"vertical-align: inherit;\"><span style=\"vertical-align: inherit;\"><span style=\"vertical-align: inherit;\"><span style=\"vertical-align: inherit;\"><span style=\"vertical-align: inherit;\"><span style=\"vertical-align: inherit;\"><span style=\"vertical-align: inherit;\">conclu\u00edmos que nossa empresa \u00e9 consolidada e reconhecida no ramo e tamb\u00e9m admirada por seus clientes e colaboradores por se tratar de uma empresa transparente e \u00e9tica. <\/span><\/span><\/span><\/span><\/span><\/span><\/span><\/span><\/span><\/span><\/span><\/span><\/span><\/span><\/span><\/span><\/span><span style=\"vertical-align: inherit;\"><span style=\"vertical-align: inherit;\"><span style=\"vertical-align: inherit;\"><span style=\"vertical-align: inherit;\"><span style=\"vertical-align: inherit;\"><span style=\"vertical-align: inherit;\"><span style=\"vertical-align: inherit;\"><span style=\"vertical-align: inherit;\"><span style=\"vertical-align: inherit;\"><span style=\"vertical-align: inherit;\"><span style=\"vertical-align: inherit;\"><span style=\"vertical-align: inherit;\"><span style=\"vertical-align: inherit;\"><span style=\"vertical-align: inherit;\"><span style=\"vertical-align: inherit;\"><span style=\"vertical-align: inherit;\"><span style=\"vertical-align: inherit;\">Tradi\u00e7\u00e3o, \u00e9tica, pre\u00e7o justo e qualidade \u00e9 o nosso lema!\u00a0<\/span><\/span><\/span><\/span><\/span><\/span><\/span><\/span><\/span><\/span><\/span><\/span><\/span><\/span><\/span><\/span><\/span><\/span><\/span><\/p>\t\t\t\t\t\t<\/div>\n\t\t\t\t<\/div>\n\t\t\t\t\t<\/div>\n\t\t<\/div>\n\t\t\t\t\t<\/div>\n\t\t<\/section>\n\t\t\t\t<section class=\"elementor-section elementor-top-section elementor-element elementor-element-4f30959 elementor-section-boxed elementor-section-height-default elementor-section-height-default\" data-id=\"4f30959\" data-element_type=\"section\">\n\t\t\t\t\t\t<div class=\"elementor-container elementor-column-gap-default\">\n\t\t\t\t\t<div class=\"elementor-column elementor-col-100 elementor-top-column elementor-element elementor-element-1addb62\" data-id=\"1addb62\" data-element_type=\"column\">\n\t\t\t<div class=\"elementor-widget-wrap\">\n\t\t\t\t\t\t\t<\/div>\n\t\t<\/div>\n\t\t\t\t\t<\/div>\n\t\t<\/section>\n\t\t\t\t<\/div>\n\t\t","protected":false},"excerpt":{"rendered":"<p>NOSSA HIST\u00d3RIA Nossa empresa foi fundada no ano de 1987 pelo diretor G\u00e9rson Vi\u00e7oso J\u00fanior, boletim localizava-se na Rua Bom pastor, 60, em Santa Luzia, MG. Em 1997 buscando melhorar sua estrutura para atender com ainda mais qualidade os clientes a empresa mudou seu endere\u00e7o para Avenida\u00a0Senhor do Bonfim, 1011, em Santa Luzia, MG.\u00a0Em 1999 [&hellip;]<\/p>\n","protected":false},"author":1,"featured_media":0,"parent":0,"menu_order":0,"comment_status":"closed","ping_status":"closed","template":"elementor_header_footer","meta":[],"yoast_head":"<!-- This site is optimized with the Yoast SEO plugin v20.6 - https:\/\/yoast.com\/wordpress\/plugins\/seo\/ -->\n<title>Nossa Hist\u00f3ria - Dep\u00f3sito do Joca<\/title>\n<meta name=\"robots\" content=\"index, follow, max-snippet:-1, max-image-preview:large, max-video-preview:-1\" \/>\n<link rel=\"canonical\" href=\"https:\/\/depositodojoca.com.br\/?page_id=37\" \/>\n<meta property=\"og:locale\" content=\"en_US\" \/>\n<meta property=\"og:type\" content=\"article\" \/>\n<meta property=\"og:title\" content=\"Nossa Hist\u00f3ria - Dep\u00f3sito do Joca\" \/>\n<meta property=\"og:description\" content=\"NOSSA HIST\u00d3RIA Nossa empresa foi fundada no ano de 1987 pelo diretor G\u00e9rson Vi\u00e7oso J\u00fanior, boletim localizava-se na Rua Bom pastor, 60, em Santa Luzia, MG. Em 1997 buscando melhorar sua estrutura para atender com ainda mais qualidade os clientes a empresa mudou seu endere\u00e7o para Avenida\u00a0Senhor do Bonfim, 1011, em Santa Luzia, MG.\u00a0Em 1999 [&hellip;]\" \/>\n<meta property=\"og:url\" content=\"https:\/\/depositodojoca.com.br\/?page_id=37\" \/>\n<meta property=\"og:site_name\" content=\"Dep\u00f3sito do Joca\" \/>\n<meta property=\"article:modified_time\" content=\"2021-11-05T19:52:20+00:00\" \/>\n<meta name=\"twitter:card\" content=\"summary_large_image\" \/>\n<meta name=\"twitter:label1\" content=\"Est. reading time\" \/>\n\t<meta name=\"twitter:data1\" content=\"1 minute\" \/>\n<script type=\"application\/ld+json\" class=\"yoast-schema-graph\">{\"@context\":\"https:\/\/schema.org\",\"@graph\":[{\"@type\":\"WebPage\",\"@id\":\"https:\/\/depositodojoca.com.br\/?page_id=37\",\"url\":\"https:\/\/depositodojoca.com.br\/?page_id=37\",\"name\":\"Nossa Hist\u00f3ria - Dep\u00f3sito do Joca\",\"isPartOf\":{\"@id\":\"https:\/\/depositodojoca.com.br\/#website\"},\"datePublished\":\"2020-07-02T02:07:37+00:00\",\"dateModified\":\"2021-11-05T19:52:20+00:00\",\"breadcrumb\":{\"@id\":\"https:\/\/depositodojoca.com.br\/?page_id=37#breadcrumb\"},\"inLanguage\":\"en-US\",\"potentialAction\":[{\"@type\":\"ReadAction\",\"target\":[\"https:\/\/depositodojoca.com.br\/?page_id=37\"]}]},{\"@type\":\"BreadcrumbList\",\"@id\":\"https:\/\/depositodojoca.com.br\/?page_id=37#breadcrumb\",\"itemListElement\":[{\"@type\":\"ListItem\",\"position\":1,\"name\":\"Home\",\"item\":\"https:\/\/depositodojoca.com.br\/\"},{\"@type\":\"ListItem\",\"position\":2,\"name\":\"Nossa Hist\u00f3ria\"}]},{\"@type\":\"WebSite\",\"@id\":\"https:\/\/depositodojoca.com.br\/#website\",\"url\":\"https:\/\/depositodojoca.com.br\/\",\"name\":\"Dep\u00f3sito do Joca\",\"description\":\"Pre\u00e7o justo e qualidade na medida certa!\",\"publisher\":{\"@id\":\"https:\/\/depositodojoca.com.br\/#organization\"},\"potentialAction\":[{\"@type\":\"SearchAction\",\"target\":{\"@type\":\"EntryPoint\",\"urlTemplate\":\"https:\/\/depositodojoca.com.br\/?s={search_term_string}\"},\"query-input\":\"required name=search_term_string\"}],\"inLanguage\":\"en-US\"},{\"@type\":\"Organization\",\"@id\":\"https:\/\/depositodojoca.com.br\/#organization\",\"name\":\"Dep\u00f3sito do Joca\",\"url\":\"https:\/\/depositodojoca.com.br\/\",\"logo\":{\"@type\":\"ImageObject\",\"inLanguage\":\"en-US\",\"@id\":\"https:\/\/depositodojoca.com.br\/#\/schema\/logo\/image\/\",\"url\":\"https:\/\/depositodojoca.com.br\/wp-content\/uploads\/2021\/05\/Deposito-do_JOCA-fundo-branco.png\",\"contentUrl\":\"https:\/\/depositodojoca.com.br\/wp-content\/uploads\/2021\/05\/Deposito-do_JOCA-fundo-branco.png\",\"width\":1772,\"height\":1004,\"caption\":\"Dep\u00f3sito do Joca\"},\"image\":{\"@id\":\"https:\/\/depositodojoca.com.br\/#\/schema\/logo\/image\/\"},\"sameAs\":[\"https:\/\/www.instagram.com\/depositodo_joca\/\"]}]}<\/script>\n<!-- \/ Yoast SEO plugin. -->","yoast_head_json":{"title":"Nossa Hist\u00f3ria - Dep\u00f3sito do Joca","robots":{"index":"index","follow":"follow","max-snippet":"max-snippet:-1","max-image-preview":"max-image-preview:large","max-video-preview":"max-video-preview:-1"},"canonical":"https:\/\/depositodojoca.com.br\/?page_id=37","og_locale":"en_US","og_type":"article","og_title":"Nossa Hist\u00f3ria - Dep\u00f3sito do Joca","og_description":"NOSSA HIST\u00d3RIA Nossa empresa foi fundada no ano de 1987 pelo diretor G\u00e9rson Vi\u00e7oso J\u00fanior, boletim localizava-se na Rua Bom pastor, 60, em Santa Luzia, MG. Em 1997 buscando melhorar sua estrutura para atender com ainda mais qualidade os clientes a empresa mudou seu endere\u00e7o para Avenida\u00a0Senhor do Bonfim, 1011, em Santa Luzia, MG.\u00a0Em 1999 [&hellip;]","og_url":"https:\/\/depositodojoca.com.br\/?page_id=37","og_site_name":"Dep\u00f3sito do Joca","article_modified_time":"2021-11-05T19:52:20+00:00","twitter_card":"summary_large_image","twitter_misc":{"Est. reading time":"1 minute"},"schema":{"@context":"https:\/\/schema.org","@graph":[{"@type":"WebPage","@id":"https:\/\/depositodojoca.com.br\/?page_id=37","url":"https:\/\/depositodojoca.com.br\/?page_id=37","name":"Nossa Hist\u00f3ria - Dep\u00f3sito do Joca","isPartOf":{"@id":"https:\/\/depositodojoca.com.br\/#website"},"datePublished":"2020-07-02T02:07:37+00:00","dateModified":"2021-11-05T19:52:20+00:00","breadcrumb":{"@id":"https:\/\/depositodojoca.com.br\/?page_id=37#breadcrumb"},"inLanguage":"en-US","potentialAction":[{"@type":"ReadAction","target":["https:\/\/depositodojoca.com.br\/?page_id=37"]}]},{"@type":"BreadcrumbList","@id":"https:\/\/depositodojoca.com.br\/?page_id=37#breadcrumb","itemListElement":[{"@type":"ListItem","position":1,"name":"Home","item":"https:\/\/depositodojoca.com.br\/"},{"@type":"ListItem","position":2,"name":"Nossa Hist\u00f3ria"}]},{"@type":"WebSite","@id":"https:\/\/depositodojoca.com.br\/#website","url":"https:\/\/depositodojoca.com.br\/","name":"Dep\u00f3sito do Joca","description":"Pre\u00e7o justo e qualidade na medida certa!","publisher":{"@id":"https:\/\/depositodojoca.com.br\/#organization"},"potentialAction":[{"@type":"SearchAction","target":{"@type":"EntryPoint","urlTemplate":"https:\/\/depositodojoca.com.br\/?s={search_term_string}"},"query-input":"required name=search_term_string"}],"inLanguage":"en-US"},{"@type":"Organization","@id":"https:\/\/depositodojoca.com.br\/#organization","name":"Dep\u00f3sito do Joca","url":"https:\/\/depositodojoca.com.br\/","logo":{"@type":"ImageObject","inLanguage":"en-US","@id":"https:\/\/depositodojoca.com.br\/#\/schema\/logo\/image\/","url":"https:\/\/depositodojoca.com.br\/wp-content\/uploads\/2021\/05\/Deposito-do_JOCA-fundo-branco.png","contentUrl":"https:\/\/depositodojoca.com.br\/wp-content\/uploads\/2021\/05\/Deposito-do_JOCA-fundo-branco.png","width":1772,"height":1004,"caption":"Dep\u00f3sito do Joca"},"image":{"@id":"https:\/\/depositodojoca.com.br\/#\/schema\/logo\/image\/"},"sameAs":["https:\/\/www.instagram.com\/depositodo_joca\/"]}]}},"_links":{"self":[{"href":"https:\/\/depositodojoca.com.br\/index.php?rest_route=\/wp\/v2\/pages\/37"}],"collection":[{"href":"https:\/\/depositodojoca.com.br\/index.php?rest_route=\/wp\/v2\/pages"}],"about":[{"href":"https:\/\/depositodojoca.com.br\/index.php?rest_route=\/wp\/v2\/types\/page"}],"author":[{"embeddable":true,"href":"https:\/\/depositodojoca.com.br\/index.php?rest_route=\/wp\/v2\/users\/1"}],"replies":[{"embeddable":true,"href":"https:\/\/depositodojoca.com.br\/index.php?rest_route=%2Fwp%2Fv2%2Fcomments&post=37"}],"version-history":[{"count":51,"href":"https:\/\/depositodojoca.com.br\/index.php?rest_route=\/wp\/v2\/pages\/37\/revisions"}],"predecessor-version":[{"id":755,"href":"https:\/\/depositodojoca.com.br\/index.php?rest_route=\/wp\/v2\/pages\/37\/revisions\/755"}],"wp:attachment":[{"href":"https:\/\/depositodojoca.com.br\/index.php?rest_route=%2Fwp%2Fv2%2Fmedia&parent=37"}],"curies":[{"name":"wp","href":"https:\/\/api.w.org\/{rel}","templated":true}]}}