{"id":39,"date":"2020-07-02T02:07:37","date_gmt":"2020-07-02T02:07:37","guid":{"rendered":"https:\/\/depositodojoca.com.br\/?page_id=39"},"modified":"2021-09-30T12:08:16","modified_gmt":"2021-09-30T12:08:16","slug":"blog","status":"publish","type":"page","link":"https:\/\/depositodojoca.com.br\/?page_id=39","title":{"rendered":"Or\u00e7amentos"},"content":{"rendered":"\t\t<div data-elementor-type=\"wp-page\" data-elementor-id=\"39\" class=\"elementor elementor-39\">\n\t\t\t\t\t\t<section class=\"elementor-section elementor-top-section elementor-element elementor-element-138da128 elementor-section-boxed elementor-section-height-default elementor-section-height-default\" data-id=\"138da128\" data-element_type=\"section\">\n\t\t\t\t\t\t<div class=\"elementor-container elementor-column-gap-default\">\n\t\t\t\t\t<div class=\"elementor-column elementor-col-100 elementor-top-column elementor-element elementor-element-77f3ae86\" data-id=\"77f3ae86\" data-element_type=\"column\">\n\t\t\t<div class=\"elementor-widget-wrap elementor-element-populated\">\n\t\t\t\t\t\t<div class=\"elementor-element elementor-element-7c97a15d elementor-widget elementor-widget-text-editor\" data-id=\"7c97a15d\" data-element_type=\"widget\" data-widget_type=\"text-editor.default\">\n\t\t\t\t<div class=\"elementor-widget-container\">\n\t\t\t\t\t\t\t<!-- wp:paragraph {\"align\":\"center\"} -->\n<p class=\"has-text-align-center\">Pe\u00e7a seu or\u00e7amento pelo Whatsapp: <strong><a href=\"https:\/\/api.whatsapp.com\/send?phone=+553136373088&amp;text=Ol%C3%A1,%20vim%20pelo%20site,%20quero%20um%20or%C3%A7amento!\" target=\"_blank\" rel=\"noreferrer noopener\">CLIQUE AQUI<\/a><\/strong><\/p>\n<!-- \/wp:paragraph -->\n\n<!-- wp:paragraph {\"align\":\"center\"} -->\n<p class=\"has-text-align-center\">Or\u00e7amento por e-mail: <a href=\"mailto:depositodojoca@hotmail.com?subject=Vim%20pelo%20site\" target=\"_blank\" rel=\"noreferrer noopener\">CLIQUE AQUI<\/a><\/p>\n<!-- \/wp:paragraph -->\t\t\t\t\t\t<\/div>\n\t\t\t\t<\/div>\n\t\t\t\t\t<\/div>\n\t\t<\/div>\n\t\t\t\t\t<\/div>\n\t\t<\/section>\n\t\t\t\t<\/div>\n\t\t","protected":false},"excerpt":{"rendered":"<p>Pe\u00e7a seu or\u00e7amento pelo Whatsapp: CLIQUE AQUI Or\u00e7amento por e-mail: CLIQUE AQUI<\/p>\n","protected":false},"author":1,"featured_media":0,"parent":0,"menu_order":0,"comment_status":"closed","ping_status":"closed","template":"","meta":[],"yoast_head":"<!-- This site is optimized with the Yoast SEO plugin v20.6 - https:\/\/yoast.com\/wordpress\/plugins\/seo\/ -->\n<title>Or\u00e7amentos - Dep\u00f3sito do Joca<\/title>\n<meta name=\"robots\" content=\"index, follow, max-snippet:-1, max-image-preview:large, max-video-preview:-1\" \/>\n<link rel=\"canonical\" href=\"https:\/\/depositodojoca.com.br\/?page_id=39\" \/>\n<meta property=\"og:locale\" content=\"en_US\" \/>\n<meta property=\"og:type\" content=\"article\" \/>\n<meta property=\"og:title\" content=\"Or\u00e7amentos - Dep\u00f3sito do Joca\" \/>\n<meta property=\"og:description\" content=\"Pe\u00e7a seu or\u00e7amento pelo Whatsapp: CLIQUE AQUI Or\u00e7amento por e-mail: CLIQUE AQUI\" \/>\n<meta property=\"og:url\" content=\"https:\/\/depositodojoca.com.br\/?page_id=39\" \/>\n<meta property=\"og:site_name\" content=\"Dep\u00f3sito do Joca\" \/>\n<meta property=\"article:modified_time\" content=\"2021-09-30T12:08:16+00:00\" \/>\n<meta name=\"twitter:card\" content=\"summary_large_image\" \/>\n<meta name=\"twitter:label1\" content=\"Est. reading time\" \/>\n\t<meta name=\"twitter:data1\" content=\"1 minute\" \/>\n<script type=\"application\/ld+json\" class=\"yoast-schema-graph\">{\"@context\":\"https:\/\/schema.org\",\"@graph\":[{\"@type\":\"WebPage\",\"@id\":\"https:\/\/depositodojoca.com.br\/?page_id=39\",\"url\":\"https:\/\/depositodojoca.com.br\/?page_id=39\",\"name\":\"Or\u00e7amentos - Dep\u00f3sito do Joca\",\"isPartOf\":{\"@id\":\"https:\/\/depositodojoca.com.br\/#website\"},\"datePublished\":\"2020-07-02T02:07:37+00:00\",\"dateModified\":\"2021-09-30T12:08:16+00:00\",\"breadcrumb\":{\"@id\":\"https:\/\/depositodojoca.com.br\/?page_id=39#breadcrumb\"},\"inLanguage\":\"en-US\",\"potentialAction\":[{\"@type\":\"ReadAction\",\"target\":[\"https:\/\/depositodojoca.com.br\/?page_id=39\"]}]},{\"@type\":\"BreadcrumbList\",\"@id\":\"https:\/\/depositodojoca.com.br\/?page_id=39#breadcrumb\",\"itemListElement\":[{\"@type\":\"ListItem\",\"position\":1,\"name\":\"Home\",\"item\":\"https:\/\/depositodojoca.com.br\/\"},{\"@type\":\"ListItem\",\"position\":2,\"name\":\"Or\u00e7amentos\"}]},{\"@type\":\"WebSite\",\"@id\":\"https:\/\/depositodojoca.com.br\/#website\",\"url\":\"https:\/\/depositodojoca.com.br\/\",\"name\":\"Dep\u00f3sito do Joca\",\"description\":\"Pre\u00e7o justo e qualidade na medida certa!\",\"publisher\":{\"@id\":\"https:\/\/depositodojoca.com.br\/#organization\"},\"potentialAction\":[{\"@type\":\"SearchAction\",\"target\":{\"@type\":\"EntryPoint\",\"urlTemplate\":\"https:\/\/depositodojoca.com.br\/?s={search_term_string}\"},\"query-input\":\"required name=search_term_string\"}],\"inLanguage\":\"en-US\"},{\"@type\":\"Organization\",\"@id\":\"https:\/\/depositodojoca.com.br\/#organization\",\"name\":\"Dep\u00f3sito do Joca\",\"url\":\"https:\/\/depositodojoca.com.br\/\",\"logo\":{\"@type\":\"ImageObject\",\"inLanguage\":\"en-US\",\"@id\":\"https:\/\/depositodojoca.com.br\/#\/schema\/logo\/image\/\",\"url\":\"https:\/\/depositodojoca.com.br\/wp-content\/uploads\/2021\/05\/Deposito-do_JOCA-fundo-branco.png\",\"contentUrl\":\"https:\/\/depositodojoca.com.br\/wp-content\/uploads\/2021\/05\/Deposito-do_JOCA-fundo-branco.png\",\"width\":1772,\"height\":1004,\"caption\":\"Dep\u00f3sito do Joca\"},\"image\":{\"@id\":\"https:\/\/depositodojoca.com.br\/#\/schema\/logo\/image\/\"},\"sameAs\":[\"https:\/\/www.instagram.com\/depositodo_joca\/\"]}]}<\/script>\n<!-- \/ Yoast SEO plugin. -->","yoast_head_json":{"title":"Or\u00e7amentos - Dep\u00f3sito do Joca","robots":{"index":"index","follow":"follow","max-snippet":"max-snippet:-1","max-image-preview":"max-image-preview:large","max-video-preview":"max-video-preview:-1"},"canonical":"https:\/\/depositodojoca.com.br\/?page_id=39","og_locale":"en_US","og_type":"article","og_title":"Or\u00e7amentos - Dep\u00f3sito do Joca","og_description":"Pe\u00e7a seu or\u00e7amento pelo Whatsapp: CLIQUE AQUI Or\u00e7amento por e-mail: CLIQUE AQUI","og_url":"https:\/\/depositodojoca.com.br\/?page_id=39","og_site_name":"Dep\u00f3sito do Joca","article_modified_time":"2021-09-30T12:08:16+00:00","twitter_card":"summary_large_image","twitter_misc":{"Est. reading time":"1 minute"},"schema":{"@context":"https:\/\/schema.org","@graph":[{"@type":"WebPage","@id":"https:\/\/depositodojoca.com.br\/?page_id=39","url":"https:\/\/depositodojoca.com.br\/?page_id=39","name":"Or\u00e7amentos - Dep\u00f3sito do Joca","isPartOf":{"@id":"https:\/\/depositodojoca.com.br\/#website"},"datePublished":"2020-07-02T02:07:37+00:00","dateModified":"2021-09-30T12:08:16+00:00","breadcrumb":{"@id":"https:\/\/depositodojoca.com.br\/?page_id=39#breadcrumb"},"inLanguage":"en-US","potentialAction":[{"@type":"ReadAction","target":["https:\/\/depositodojoca.com.br\/?page_id=39"]}]},{"@type":"BreadcrumbList","@id":"https:\/\/depositodojoca.com.br\/?page_id=39#breadcrumb","itemListElement":[{"@type":"ListItem","position":1,"name":"Home","item":"https:\/\/depositodojoca.com.br\/"},{"@type":"ListItem","position":2,"name":"Or\u00e7amentos"}]},{"@type":"WebSite","@id":"https:\/\/depositodojoca.com.br\/#website","url":"https:\/\/depositodojoca.com.br\/","name":"Dep\u00f3sito do Joca","description":"Pre\u00e7o justo e qualidade na medida certa!","publisher":{"@id":"https:\/\/depositodojoca.com.br\/#organization"},"potentialAction":[{"@type":"SearchAction","target":{"@type":"EntryPoint","urlTemplate":"https:\/\/depositodojoca.com.br\/?s={search_term_string}"},"query-input":"required name=search_term_string"}],"inLanguage":"en-US"},{"@type":"Organization","@id":"https:\/\/depositodojoca.com.br\/#organization","name":"Dep\u00f3sito do Joca","url":"https:\/\/depositodojoca.com.br\/","logo":{"@type":"ImageObject","inLanguage":"en-US","@id":"https:\/\/depositodojoca.com.br\/#\/schema\/logo\/image\/","url":"https:\/\/depositodojoca.com.br\/wp-content\/uploads\/2021\/05\/Deposito-do_JOCA-fundo-branco.png","contentUrl":"https:\/\/depositodojoca.com.br\/wp-content\/uploads\/2021\/05\/Deposito-do_JOCA-fundo-branco.png","width":1772,"height":1004,"caption":"Dep\u00f3sito do Joca"},"image":{"@id":"https:\/\/depositodojoca.com.br\/#\/schema\/logo\/image\/"},"sameAs":["https:\/\/www.instagram.com\/depositodo_joca\/"]}]}},"_links":{"self":[{"href":"https:\/\/depositodojoca.com.br\/index.php?rest_route=\/wp\/v2\/pages\/39"}],"collection":[{"href":"https:\/\/depositodojoca.com.br\/index.php?rest_route=\/wp\/v2\/pages"}],"about":[{"href":"https:\/\/depositodojoca.com.br\/index.php?rest_route=\/wp\/v2\/types\/page"}],"author":[{"embeddable":true,"href":"https:\/\/depositodojoca.com.br\/index.php?rest_route=\/wp\/v2\/users\/1"}],"replies":[{"embeddable":true,"href":"https:\/\/depositodojoca.com.br\/index.php?rest_route=%2Fwp%2Fv2%2Fcomments&post=39"}],"version-history":[{"count":12,"href":"https:\/\/depositodojoca.com.br\/index.php?rest_route=\/wp\/v2\/pages\/39\/revisions"}],"predecessor-version":[{"id":358,"href":"https:\/\/depositodojoca.com.br\/index.php?rest_route=\/wp\/v2\/pages\/39\/revisions\/358"}],"wp:attachment":[{"href":"https:\/\/depositodojoca.com.br\/index.php?rest_route=%2Fwp%2Fv2%2Fmedia&parent=39"}],"curies":[{"name":"wp","href":"https:\/\/api.w.org\/{rel}","templated":true}]}}